{"id":852,"date":"2026-03-03T07:27:34","date_gmt":"2026-03-03T07:27:34","guid":{"rendered":"https:\/\/www.chicasafurniture.com\/?post_type=product&#038;p=852"},"modified":"2026-03-03T07:57:51","modified_gmt":"2026-03-03T07:57:51","slug":"custom-small-lounge-sofa","status":"publish","type":"product","link":"https:\/\/www.chicasafurniture.com\/fr\/product\/custom-small-lounge-sofa\/","title":{"rendered":"Petit canap\u00e9 lounge sur mesure, tissu pelucheux et \u00e9ponge haute densit\u00e9"},"content":{"rendered":"<h2 class=\"wp-block-heading\">Sp\u00e9cifications produit du petit canap\u00e9 lounge sur mesure<\/h2>\n\n\n\n<figure class=\"wp-block-table\"><table class=\"has-fixed-layout\"><tbody><tr><td>Cadre<\/td><td>Mat\u00e9riau de couverture<\/td><td>Mat\u00e9riau de remplissage<\/td><td>Jambes<\/td><td>Couleur<\/td><td>Taille<\/td><td>Poids<\/td><\/tr><tr><td>\/<\/td><td>Tissu<\/td><td>\u00c9ponge haute densit\u00e9<\/td><td>\/<\/td><td>Sur mesure<\/td><td>Taille normale<\/td><td>35-50kg<\/td><\/tr><\/tbody><\/table><\/figure>\n\n\n\n<div class=\"wp-block-columns is-layout-flex wp-container-core-columns-is-layout-9d6595d7 wp-block-columns-is-layout-flex\">\n<div class=\"wp-block-column is-layout-flow wp-block-column-is-layout-flow\">\n<h2 class=\"wp-block-heading\">Premium Custom Small Lounge Sofa Caract\u00e9ristiques :<\/h2>\n\n\n\n<ul class=\"wp-block-list\">\n<li><strong>Rembourrage en mousse haute densit\u00e9 : <\/strong>Ce petit canap\u00e9 de salon personnalis\u00e9 est rempli de mousse de rebond haute densit\u00e9, offrant une sensation de pl\u00e9nitude et de soutien sans s'affaisser, pour un confort durable m\u00eame apr\u00e8s une assise prolong\u00e9e.<\/li>\n\n\n\n<li><strong>Tissu de qualit\u00e9 sup\u00e9rieure : <\/strong>Notre canap\u00e9 de loisir sur mesure est fabriqu\u00e9 dans un tissu doux et agr\u00e9able pour la peau, soigneusement s\u00e9lectionn\u00e9, avec une texture fine, une excellente respirabilit\u00e9 et un entretien facile, tout en am\u00e9liorant la texture g\u00e9n\u00e9rale et l'atmosph\u00e8re chaleureuse.<\/li>\n\n\n\n<li><strong>Compact et peu encombrant :<\/strong> Le design compact de ce petit canap\u00e9 de salon personnalis\u00e9 est con\u00e7u pour les petits appartements ou les espaces d'angle, offrant des fonctions d'assise et d'inclinaison compl\u00e8tes et confortables sans prendre beaucoup de place.<\/li>\n\n\n\n<li><strong>Conception esth\u00e9tique rationalis\u00e9e :<\/strong> Les courbes simples et douces de ce canap\u00e9 de loisir sur mesure allient modernit\u00e9 et art, s'adaptant facilement \u00e0 diff\u00e9rents styles d'int\u00e9rieur et rehaussant le style de l'espace.<\/li>\n\n\n\n<li><strong>Support structurel solide : <\/strong>La base renforc\u00e9e de ce petit canap\u00e9 de salon sur mesure assure la stabilit\u00e9 et la durabilit\u00e9 du canap\u00e9 lors d'une utilisation quotidienne, tout en conservant un aspect visuel l\u00e9ger.<\/li>\n<\/ul>\n<\/div>\n\n\n\n<div class=\"wp-block-column is-layout-flow wp-block-column-is-layout-flow\">\n<figure class=\"wp-block-image size-full\"><img decoding=\"async\" width=\"1000\" height=\"1000\" src=\"https:\/\/www.chicasafurniture.com\/wp-content\/uploads\/2026\/03\/Custom-Small-Lounge-Sofa-Plush-Fabric-High-Density-Sponge-1.webp\" alt=\"Petit canap\u00e9 lounge sur mesure, tissu pelucheux et \u00e9ponge haute densit\u00e9-1\" class=\"wp-image-853\" srcset=\"https:\/\/www.chicasafurniture.com\/wp-content\/uploads\/2026\/03\/Custom-Small-Lounge-Sofa-Plush-Fabric-High-Density-Sponge-1.webp 1000w, https:\/\/www.chicasafurniture.com\/wp-content\/uploads\/2026\/03\/Custom-Small-Lounge-Sofa-Plush-Fabric-High-Density-Sponge-1-300x300.webp 300w, https:\/\/www.chicasafurniture.com\/wp-content\/uploads\/2026\/03\/Custom-Small-Lounge-Sofa-Plush-Fabric-High-Density-Sponge-1-150x150.webp 150w, https:\/\/www.chicasafurniture.com\/wp-content\/uploads\/2026\/03\/Custom-Small-Lounge-Sofa-Plush-Fabric-High-Density-Sponge-1-768x768.webp 768w, https:\/\/www.chicasafurniture.com\/wp-content\/uploads\/2026\/03\/Custom-Small-Lounge-Sofa-Plush-Fabric-High-Density-Sponge-1-600x600.webp 600w, https:\/\/www.chicasafurniture.com\/wp-content\/uploads\/2026\/03\/Custom-Small-Lounge-Sofa-Plush-Fabric-High-Density-Sponge-1-100x100.webp 100w\" sizes=\"(max-width: 1000px) 100vw, 1000px\" \/><\/figure>\n<\/div>\n<\/div>\n\n\n\n<div class=\"wp-block-columns is-layout-flex wp-container-core-columns-is-layout-9d6595d7 wp-block-columns-is-layout-flex\">\n<div class=\"wp-block-column is-layout-flow wp-block-column-is-layout-flow\">\n<figure class=\"wp-block-image size-full\"><img decoding=\"async\" width=\"2000\" height=\"2000\" src=\"https:\/\/www.chicasafurniture.com\/wp-content\/uploads\/2026\/03\/Custom-Small-Lounge-Sofa-Plush-Fabric-High-Density-Sponge-3.webp\" alt=\"Petit canap\u00e9 lounge sur mesure, tissu pelucheux et \u00e9ponge haute densit\u00e9-3\" class=\"wp-image-855\" srcset=\"https:\/\/www.chicasafurniture.com\/wp-content\/uploads\/2026\/03\/Custom-Small-Lounge-Sofa-Plush-Fabric-High-Density-Sponge-3.webp 2000w, https:\/\/www.chicasafurniture.com\/wp-content\/uploads\/2026\/03\/Custom-Small-Lounge-Sofa-Plush-Fabric-High-Density-Sponge-3-300x300.webp 300w, https:\/\/www.chicasafurniture.com\/wp-content\/uploads\/2026\/03\/Custom-Small-Lounge-Sofa-Plush-Fabric-High-Density-Sponge-3-150x150.webp 150w, https:\/\/www.chicasafurniture.com\/wp-content\/uploads\/2026\/03\/Custom-Small-Lounge-Sofa-Plush-Fabric-High-Density-Sponge-3-768x768.webp 768w, https:\/\/www.chicasafurniture.com\/wp-content\/uploads\/2026\/03\/Custom-Small-Lounge-Sofa-Plush-Fabric-High-Density-Sponge-3-1200x1200.webp 1200w, https:\/\/www.chicasafurniture.com\/wp-content\/uploads\/2026\/03\/Custom-Small-Lounge-Sofa-Plush-Fabric-High-Density-Sponge-3-600x600.webp 600w, https:\/\/www.chicasafurniture.com\/wp-content\/uploads\/2026\/03\/Custom-Small-Lounge-Sofa-Plush-Fabric-High-Density-Sponge-3-100x100.webp 100w\" sizes=\"(max-width: 2000px) 100vw, 2000px\" \/><\/figure>\n<\/div>\n\n\n\n<div class=\"wp-block-column is-layout-flow wp-block-column-is-layout-flow\">\n<figure class=\"wp-block-image size-full\"><img decoding=\"async\" width=\"1848\" height=\"1848\" src=\"https:\/\/www.chicasafurniture.com\/wp-content\/uploads\/2026\/03\/Custom-Small-Lounge-Sofa-Plush-Fabric-High-Density-Sponge-4.webp\" alt=\"Petit canap\u00e9 lounge sur mesure, tissu pelucheux et \u00e9ponge haute densit\u00e9-4\" class=\"wp-image-856\" srcset=\"https:\/\/www.chicasafurniture.com\/wp-content\/uploads\/2026\/03\/Custom-Small-Lounge-Sofa-Plush-Fabric-High-Density-Sponge-4.webp 1848w, https:\/\/www.chicasafurniture.com\/wp-content\/uploads\/2026\/03\/Custom-Small-Lounge-Sofa-Plush-Fabric-High-Density-Sponge-4-300x300.webp 300w, https:\/\/www.chicasafurniture.com\/wp-content\/uploads\/2026\/03\/Custom-Small-Lounge-Sofa-Plush-Fabric-High-Density-Sponge-4-150x150.webp 150w, https:\/\/www.chicasafurniture.com\/wp-content\/uploads\/2026\/03\/Custom-Small-Lounge-Sofa-Plush-Fabric-High-Density-Sponge-4-768x768.webp 768w, https:\/\/www.chicasafurniture.com\/wp-content\/uploads\/2026\/03\/Custom-Small-Lounge-Sofa-Plush-Fabric-High-Density-Sponge-4-1200x1200.webp 1200w, https:\/\/www.chicasafurniture.com\/wp-content\/uploads\/2026\/03\/Custom-Small-Lounge-Sofa-Plush-Fabric-High-Density-Sponge-4-600x600.webp 600w, https:\/\/www.chicasafurniture.com\/wp-content\/uploads\/2026\/03\/Custom-Small-Lounge-Sofa-Plush-Fabric-High-Density-Sponge-4-100x100.webp 100w\" sizes=\"(max-width: 1848px) 100vw, 1848px\" \/><\/figure>\n<\/div>\n<\/div>","protected":false},"excerpt":{"rendered":"<p>Bienvenue sur le site de commande de fauteuils de loisirs sur mesure. Ce petit canap\u00e9 de salon personnalis\u00e9 est dot\u00e9 d'un tissu doux et d'un rembourrage en mousse haute densit\u00e9, offrant une exp\u00e9rience d'assise douce comme un nuage.<\/p>\n<table style=\"border-collapse: collapse; width: 222.03pt;\" border=\"0\" width=\"222\" cellspacing=\"0\" cellpadding=\"0\">\n<tbody>\n<tr style=\"height: 15.20pt;\">\n<td class=\"et2\" style=\"height: 15.20pt; width: 81.65pt;\" width=\"81\" height=\"15\">Fabricant<\/td>\n<td class=\"et2\" style=\"width: 140.80pt;\" width=\"140\">ChiCasa<\/td>\n<\/tr>\n<tr style=\"height: 15.20pt;\">\n<td class=\"et2\" style=\"height: 15.20pt;\" height=\"15\">Cat\u00e9gorie<\/td>\n<td class=\"et2\">Chaise de loisirs<\/td>\n<\/tr>\n<tr style=\"height: 15.20pt;\">\n<td class=\"et2\" style=\"height: 15.20pt;\" height=\"15\">Application<\/td>\n<td class=\"et2\">Salle de s\u00e9jour<\/td>\n<\/tr>\n<tr style=\"height: 15.20pt;\">\n<td class=\"et2\" style=\"height: 15.20pt;\" height=\"15\">Style<\/td>\n<td class=\"et2\">Minimaliste<\/td>\n<\/tr>\n<tr style=\"height: 15.20pt;\">\n<td class=\"et2\" style=\"height: 15.20pt;\" height=\"15\">Mod\u00e8le<\/td>\n<td class=\"et2\">QMY-LC004<\/td>\n<\/tr>\n<tr style=\"height: 15.20pt;\">\n<td class=\"et2\" style=\"height: 15.20pt;\" height=\"15\">Personnalisation<\/td>\n<td class=\"et2\">Couleur, taille, mat\u00e9riau<\/td>\n<\/tr>\n<tr style=\"height: 15.20pt;\">\n<td class=\"et2\" style=\"height: 15.20pt;\" height=\"15\">MOQ<\/td>\n<td class=\"et2\">1pcs<\/td>\n<\/tr>\n<\/tbody>\n<\/table>","protected":false},"featured_media":854,"comment_status":"closed","ping_status":"closed","template":"","meta":{"_acf_changed":false},"product_brand":[],"product_cat":[16,26],"product_tag":[],"class_list":{"0":"post-852","1":"product","2":"type-product","3":"status-publish","4":"has-post-thumbnail","6":"product_cat-bespoke-living-room-furniture","7":"product_cat-custom-chaise-lounge","9":"first","10":"instock","11":"shipping-taxable","12":"product-type-simple"},"acf":[],"_links":{"self":[{"href":"https:\/\/www.chicasafurniture.com\/fr\/wp-json\/wp\/v2\/product\/852","targetHints":{"allow":["GET"]}}],"collection":[{"href":"https:\/\/www.chicasafurniture.com\/fr\/wp-json\/wp\/v2\/product"}],"about":[{"href":"https:\/\/www.chicasafurniture.com\/fr\/wp-json\/wp\/v2\/types\/product"}],"replies":[{"embeddable":true,"href":"https:\/\/www.chicasafurniture.com\/fr\/wp-json\/wp\/v2\/comments?post=852"}],"wp:featuredmedia":[{"embeddable":true,"href":"https:\/\/www.chicasafurniture.com\/fr\/wp-json\/wp\/v2\/media\/854"}],"wp:attachment":[{"href":"https:\/\/www.chicasafurniture.com\/fr\/wp-json\/wp\/v2\/media?parent=852"}],"wp:term":[{"taxonomy":"product_brand","embeddable":true,"href":"https:\/\/www.chicasafurniture.com\/fr\/wp-json\/wp\/v2\/product_brand?post=852"},{"taxonomy":"product_cat","embeddable":true,"href":"https:\/\/www.chicasafurniture.com\/fr\/wp-json\/wp\/v2\/product_cat?post=852"},{"taxonomy":"product_tag","embeddable":true,"href":"https:\/\/www.chicasafurniture.com\/fr\/wp-json\/wp\/v2\/product_tag?post=852"}],"curies":[{"name":"wp","href":"https:\/\/api.w.org\/{rel}","templated":true}]}}