{"id":857,"date":"2026-03-03T07:59:12","date_gmt":"2026-03-03T07:59:12","guid":{"rendered":"https:\/\/www.chicasafurniture.com\/?post_type=product&#038;p=857"},"modified":"2026-03-03T08:17:15","modified_gmt":"2026-03-03T08:17:15","slug":"custom-leisure-sofa-chair","status":"publish","type":"product","link":"https:\/\/www.chicasafurniture.com\/fr\/product\/custom-leisure-sofa-chair\/","title":{"rendered":"Fauteuil canap\u00e9 de loisir sur mesure avec design modulaire touffet\u00e9 moderne"},"content":{"rendered":"<h2 class=\"wp-block-heading\">Sp\u00e9cifications des produits de la chaise canap\u00e9 de loisir sur mesure<\/h2>\n\n\n\n<figure class=\"wp-block-table\"><table class=\"has-fixed-layout\"><tbody><tr><td>Cadre<\/td><td>Mat\u00e9riau de couverture<\/td><td>Mat\u00e9riau de remplissage<\/td><td>Jambes<\/td><td>Couleur<\/td><td>Taille<\/td><td>Poids<\/td><\/tr><tr><td>\/<\/td><td>Tissu<\/td><td>\u00c9ponge haute densit\u00e9<\/td><td>\/<\/td><td>Sur mesure<\/td><td>Taille normale<\/td><td>35-50kg<\/td><\/tr><\/tbody><\/table><\/figure>\n\n\n\n<div class=\"wp-block-columns is-layout-flex wp-container-core-columns-is-layout-9d6595d7 wp-block-columns-is-layout-flex\">\n<div class=\"wp-block-column is-layout-flow wp-block-column-is-layout-flow\">\n<h2 class=\"wp-block-heading\">Fauteuil canap\u00e9 de loisir haut de gamme Caract\u00e9ristiques :<\/h2>\n\n\n\n<ul class=\"wp-block-list\">\n<li><strong>Bouton 3D Fabrication : <\/strong>Ce canap\u00e9 de loisir personnalis\u00e9 pr\u00e9sente des coutures carr\u00e9es exquises, cr\u00e9ant une texture visuelle riche et un soutien profond et confortable.<\/li>\n\n\n\n<li><strong>Conception modulaire :<\/strong> La structure modulaire flexible de ce fauteuil de loisir moderne Besoke permet de le combiner librement pour l'adapter \u00e0 divers am\u00e9nagements.<\/li>\n\n\n\n<li><strong>Tissu de qualit\u00e9 sup\u00e9rieure respectueux de la peau : <\/strong>Ce canap\u00e9 de loisir personnalis\u00e9 est fabriqu\u00e9 en velours\/tissu de haute qualit\u00e9, qui est doux et d\u00e9licat au toucher, tr\u00e8s perm\u00e9able \u00e0 l'air et durable.<\/li>\n\n\n\n<li><strong>Conception ergonomique : <\/strong>Le centre de gravit\u00e9 bas de notre fauteuil de loisir moderne Besoke, associ\u00e9 \u00e0 un large dossier, offre un soutien global au corps, procurant une exp\u00e9rience de relaxation immersive.<\/li>\n\n\n\n<li><strong>Ajustement esth\u00e9tique personnalis\u00e9 : <\/strong>Nous proposons une vari\u00e9t\u00e9 d'options de couleurs sophistiqu\u00e9es pour nos fauteuils canap\u00e9s de loisir personnalis\u00e9s, qui s'int\u00e8grent facilement dans les styles de d\u00e9coration minimaliste, r\u00e9tro ou moderne de luxe.<\/li>\n<\/ul>\n<\/div>\n\n\n\n<div class=\"wp-block-column is-layout-flow wp-block-column-is-layout-flow\">\n<figure class=\"wp-block-image size-full\"><img decoding=\"async\" width=\"1000\" height=\"1000\" src=\"https:\/\/www.chicasafurniture.com\/wp-content\/uploads\/2026\/03\/Custom-Leisure-Sofa-Chair-with-Modern-Tufted-Modular-Design-6.webp\" alt=\"Fauteuil canap\u00e9 de loisir sur mesure avec design modulaire touffet\u00e9 moderne-6\" class=\"wp-image-863\" srcset=\"https:\/\/www.chicasafurniture.com\/wp-content\/uploads\/2026\/03\/Custom-Leisure-Sofa-Chair-with-Modern-Tufted-Modular-Design-6.webp 1000w, https:\/\/www.chicasafurniture.com\/wp-content\/uploads\/2026\/03\/Custom-Leisure-Sofa-Chair-with-Modern-Tufted-Modular-Design-6-300x300.webp 300w, https:\/\/www.chicasafurniture.com\/wp-content\/uploads\/2026\/03\/Custom-Leisure-Sofa-Chair-with-Modern-Tufted-Modular-Design-6-150x150.webp 150w, https:\/\/www.chicasafurniture.com\/wp-content\/uploads\/2026\/03\/Custom-Leisure-Sofa-Chair-with-Modern-Tufted-Modular-Design-6-768x768.webp 768w, https:\/\/www.chicasafurniture.com\/wp-content\/uploads\/2026\/03\/Custom-Leisure-Sofa-Chair-with-Modern-Tufted-Modular-Design-6-600x600.webp 600w, https:\/\/www.chicasafurniture.com\/wp-content\/uploads\/2026\/03\/Custom-Leisure-Sofa-Chair-with-Modern-Tufted-Modular-Design-6-100x100.webp 100w\" sizes=\"(max-width: 1000px) 100vw, 1000px\" \/><\/figure>\n<\/div>\n<\/div>\n\n\n\n<div class=\"wp-block-columns is-layout-flex wp-container-core-columns-is-layout-9d6595d7 wp-block-columns-is-layout-flex\">\n<div class=\"wp-block-column is-layout-flow wp-block-column-is-layout-flow\">\n<figure class=\"wp-block-image size-full\"><img decoding=\"async\" width=\"1000\" height=\"1000\" src=\"https:\/\/www.chicasafurniture.com\/wp-content\/uploads\/2026\/03\/Custom-Leisure-Sofa-Chair-with-Modern-Tufted-Modular-Design-5.webp\" alt=\"Fauteuil canap\u00e9 de loisir sur mesure avec design modulaire touffet\u00e9 moderne-5\" class=\"wp-image-862\" srcset=\"https:\/\/www.chicasafurniture.com\/wp-content\/uploads\/2026\/03\/Custom-Leisure-Sofa-Chair-with-Modern-Tufted-Modular-Design-5.webp 1000w, https:\/\/www.chicasafurniture.com\/wp-content\/uploads\/2026\/03\/Custom-Leisure-Sofa-Chair-with-Modern-Tufted-Modular-Design-5-300x300.webp 300w, https:\/\/www.chicasafurniture.com\/wp-content\/uploads\/2026\/03\/Custom-Leisure-Sofa-Chair-with-Modern-Tufted-Modular-Design-5-150x150.webp 150w, https:\/\/www.chicasafurniture.com\/wp-content\/uploads\/2026\/03\/Custom-Leisure-Sofa-Chair-with-Modern-Tufted-Modular-Design-5-768x768.webp 768w, https:\/\/www.chicasafurniture.com\/wp-content\/uploads\/2026\/03\/Custom-Leisure-Sofa-Chair-with-Modern-Tufted-Modular-Design-5-600x600.webp 600w, https:\/\/www.chicasafurniture.com\/wp-content\/uploads\/2026\/03\/Custom-Leisure-Sofa-Chair-with-Modern-Tufted-Modular-Design-5-100x100.webp 100w\" sizes=\"(max-width: 1000px) 100vw, 1000px\" \/><\/figure>\n<\/div>\n\n\n\n<div class=\"wp-block-column is-layout-flow wp-block-column-is-layout-flow\">\n<figure class=\"wp-block-image size-full\"><img decoding=\"async\" width=\"1000\" height=\"1000\" src=\"https:\/\/www.chicasafurniture.com\/wp-content\/uploads\/2026\/03\/Custom-Leisure-Sofa-Chair-with-Modern-Tufted-Modular-Design-4.webp\" alt=\"Fauteuil canap\u00e9 de loisir sur mesure avec design modulaire touffet\u00e9 moderne-4\" class=\"wp-image-861\" srcset=\"https:\/\/www.chicasafurniture.com\/wp-content\/uploads\/2026\/03\/Custom-Leisure-Sofa-Chair-with-Modern-Tufted-Modular-Design-4.webp 1000w, https:\/\/www.chicasafurniture.com\/wp-content\/uploads\/2026\/03\/Custom-Leisure-Sofa-Chair-with-Modern-Tufted-Modular-Design-4-300x300.webp 300w, https:\/\/www.chicasafurniture.com\/wp-content\/uploads\/2026\/03\/Custom-Leisure-Sofa-Chair-with-Modern-Tufted-Modular-Design-4-150x150.webp 150w, https:\/\/www.chicasafurniture.com\/wp-content\/uploads\/2026\/03\/Custom-Leisure-Sofa-Chair-with-Modern-Tufted-Modular-Design-4-768x768.webp 768w, https:\/\/www.chicasafurniture.com\/wp-content\/uploads\/2026\/03\/Custom-Leisure-Sofa-Chair-with-Modern-Tufted-Modular-Design-4-600x600.webp 600w, https:\/\/www.chicasafurniture.com\/wp-content\/uploads\/2026\/03\/Custom-Leisure-Sofa-Chair-with-Modern-Tufted-Modular-Design-4-100x100.webp 100w\" sizes=\"(max-width: 1000px) 100vw, 1000px\" \/><\/figure>\n<\/div>\n<\/div>\n\n\n\n<figure class=\"wp-block-image size-full\"><img decoding=\"async\" width=\"2000\" height=\"1125\" src=\"https:\/\/www.chicasafurniture.com\/wp-content\/uploads\/2026\/03\/Custom-Leisure-Sofa-Chair-with-Modern-Tufted-Modular-Design-2.webp\" alt=\"Fauteuil canap\u00e9 de loisir sur mesure avec design modulaire touffet\u00e9 moderne-2\" class=\"wp-image-859\" srcset=\"https:\/\/www.chicasafurniture.com\/wp-content\/uploads\/2026\/03\/Custom-Leisure-Sofa-Chair-with-Modern-Tufted-Modular-Design-2.webp 2000w, https:\/\/www.chicasafurniture.com\/wp-content\/uploads\/2026\/03\/Custom-Leisure-Sofa-Chair-with-Modern-Tufted-Modular-Design-2-300x169.webp 300w, https:\/\/www.chicasafurniture.com\/wp-content\/uploads\/2026\/03\/Custom-Leisure-Sofa-Chair-with-Modern-Tufted-Modular-Design-2-768x432.webp 768w, https:\/\/www.chicasafurniture.com\/wp-content\/uploads\/2026\/03\/Custom-Leisure-Sofa-Chair-with-Modern-Tufted-Modular-Design-2-1200x675.webp 1200w, https:\/\/www.chicasafurniture.com\/wp-content\/uploads\/2026\/03\/Custom-Leisure-Sofa-Chair-with-Modern-Tufted-Modular-Design-2-600x338.webp 600w\" sizes=\"(max-width: 2000px) 100vw, 2000px\" \/><\/figure>","protected":false},"excerpt":{"rendered":"<p>\u00c9levez votre espace avec notre canap\u00e9-fauteuil de loisir personnalis\u00e9. Dot\u00e9 d'un design modulaire touffet\u00e9 distinct et d'un rembourrage moelleux, il offre un confort in\u00e9gal\u00e9 et un style contemporain pour tout espace de vie moderne.<\/p>\n<table style=\"border-collapse: collapse; width: 222.03pt;\" border=\"0\" width=\"222\" cellspacing=\"0\" cellpadding=\"0\">\n<tbody>\n<tr style=\"height: 15.20pt;\">\n<td class=\"et2\" style=\"height: 15.20pt; width: 81.65pt;\" width=\"81\" height=\"15\">Fabricant<\/td>\n<td class=\"et2\" style=\"width: 140.80pt;\" width=\"140\">ChiCasa<\/td>\n<\/tr>\n<tr style=\"height: 15.20pt;\">\n<td class=\"et2\" style=\"height: 15.20pt;\" height=\"15\">Cat\u00e9gorie<\/td>\n<td class=\"et2\">Chaise de loisirs<\/td>\n<\/tr>\n<tr style=\"height: 15.20pt;\">\n<td class=\"et2\" style=\"height: 15.20pt;\" height=\"15\">Application<\/td>\n<td class=\"et2\">Salle de s\u00e9jour<\/td>\n<\/tr>\n<tr style=\"height: 15.20pt;\">\n<td class=\"et2\" style=\"height: 15.20pt;\" height=\"15\">Style<\/td>\n<td class=\"et2\">Minimaliste<\/td>\n<\/tr>\n<tr style=\"height: 15.20pt;\">\n<td class=\"et2\" style=\"height: 15.20pt;\" height=\"15\">Mod\u00e8le<\/td>\n<td class=\"et2\">QMY-LC005<\/td>\n<\/tr>\n<tr style=\"height: 15.20pt;\">\n<td class=\"et2\" style=\"height: 15.20pt;\" height=\"15\">Personnalisation<\/td>\n<td class=\"et2\">Couleur, taille, mat\u00e9riau<\/td>\n<\/tr>\n<tr style=\"height: 15.20pt;\">\n<td class=\"et2\" style=\"height: 15.20pt;\" height=\"15\">MOQ<\/td>\n<td class=\"et2\">1pcs<\/td>\n<\/tr>\n<\/tbody>\n<\/table>","protected":false},"featured_media":858,"comment_status":"closed","ping_status":"closed","template":"","meta":{"_acf_changed":false},"product_brand":[],"product_cat":[16,26],"product_tag":[],"class_list":{"0":"post-857","1":"product","2":"type-product","3":"status-publish","4":"has-post-thumbnail","6":"product_cat-bespoke-living-room-furniture","7":"product_cat-custom-chaise-lounge","9":"first","10":"instock","11":"shipping-taxable","12":"product-type-simple"},"acf":[],"_links":{"self":[{"href":"https:\/\/www.chicasafurniture.com\/fr\/wp-json\/wp\/v2\/product\/857","targetHints":{"allow":["GET"]}}],"collection":[{"href":"https:\/\/www.chicasafurniture.com\/fr\/wp-json\/wp\/v2\/product"}],"about":[{"href":"https:\/\/www.chicasafurniture.com\/fr\/wp-json\/wp\/v2\/types\/product"}],"replies":[{"embeddable":true,"href":"https:\/\/www.chicasafurniture.com\/fr\/wp-json\/wp\/v2\/comments?post=857"}],"wp:featuredmedia":[{"embeddable":true,"href":"https:\/\/www.chicasafurniture.com\/fr\/wp-json\/wp\/v2\/media\/858"}],"wp:attachment":[{"href":"https:\/\/www.chicasafurniture.com\/fr\/wp-json\/wp\/v2\/media?parent=857"}],"wp:term":[{"taxonomy":"product_brand","embeddable":true,"href":"https:\/\/www.chicasafurniture.com\/fr\/wp-json\/wp\/v2\/product_brand?post=857"},{"taxonomy":"product_cat","embeddable":true,"href":"https:\/\/www.chicasafurniture.com\/fr\/wp-json\/wp\/v2\/product_cat?post=857"},{"taxonomy":"product_tag","embeddable":true,"href":"https:\/\/www.chicasafurniture.com\/fr\/wp-json\/wp\/v2\/product_tag?post=857"}],"curies":[{"name":"wp","href":"https:\/\/api.w.org\/{rel}","templated":true}]}}