{"id":865,"date":"2026-03-03T08:41:08","date_gmt":"2026-03-03T08:41:08","guid":{"rendered":"https:\/\/www.chicasafurniture.com\/?post_type=product&#038;p=865"},"modified":"2026-03-03T08:50:57","modified_gmt":"2026-03-03T08:50:57","slug":"custom-armchair","status":"publish","type":"product","link":"https:\/\/www.chicasafurniture.com\/fr\/product\/custom-armchair\/","title":{"rendered":"Fauteuil moderne minimaliste sur mesure, chaise d'appoint en bois massif"},"content":{"rendered":"<h2 class=\"wp-block-heading\">Sp\u00e9cifications du produit Fauteuil sur mesure<\/h2>\n\n\n\n<figure class=\"wp-block-table\"><table class=\"has-fixed-layout\"><tbody><tr><td>Cadre<\/td><td>Mat\u00e9riau de couverture<\/td><td>Mat\u00e9riau de remplissage<\/td><td>Jambes<\/td><td>Couleur<\/td><td>Taille<\/td><td>Poids<\/td><\/tr><tr><td>Bois massif<\/td><td>Tissu<\/td><td>\u00c9ponge haute densit\u00e9<\/td><td>Bois massif<\/td><td>Sur mesure<\/td><td>Taille normale<\/td><td>35-50kg<\/td><\/tr><\/tbody><\/table><\/figure>\n\n\n\n<div class=\"wp-block-columns is-layout-flex wp-container-core-columns-is-layout-9d6595d7 wp-block-columns-is-layout-flex\">\n<div class=\"wp-block-column is-layout-flow wp-block-column-is-layout-flow\">\n<h2 class=\"wp-block-heading\">Premium Custom Armchair Caract\u00e9ristiques :<\/h2>\n\n\n\n<ul class=\"wp-block-list\">\n<li><strong>Cadre en bois massif : <\/strong>Fabriqu\u00e9 \u00e0 partir de bois dur de premi\u00e8re qualit\u00e9, ce fauteuil personnalis\u00e9 est soumis \u00e0 de multiples processus de polissage afin d'obtenir un toucher soyeux, tout en garantissant une structure solide et durable.<\/li>\n\n\n\n<li><strong>Esth\u00e9tique du dossier en cuir : <\/strong>Le dossier en cuir d'une seule pi\u00e8ce de ce fauteuil sur mesure am\u00e9liore non seulement la r\u00e9silience de l'assise, mais rehausse \u00e9galement l'aspect artistique du meuble.<\/li>\n\n\n\n<li><strong>Haute r\u00e9silience Confortable Rembourrage : <\/strong>Les coussins d'assise et de dossier de ce fauteuil sur mesure sont remplis de mousse haute densit\u00e9, associ\u00e9e \u00e0 un tissu respirant et doux pour la peau, ce qui permet de s'asseoir comme dans un nuage et d'all\u00e9ger la pression.<\/li>\n\n\n\n<li><strong>Accoudoirs ergonomiques incurv\u00e9s :<\/strong> Les \u00e9l\u00e9gants accoudoirs en bois courb\u00e9 de ce fauteuil sur mesure \u00e9pousent parfaitement la courbe naturelle du bras, soulageant ainsi efficacement la fatigue des \u00e9paules et de la nuque.<\/li>\n\n\n\n<li><strong>Convient \u00e0 tous les espaces : <\/strong>Notre fauteuil sur mesure pr\u00e9sente un design minimaliste mais sophistiqu\u00e9, qui s'int\u00e8gre parfaitement \u00e0 diff\u00e9rents styles de d\u00e9coration int\u00e9rieure, notamment moderne, scandinave et wabi-sabi.<\/li>\n<\/ul>\n<\/div>\n\n\n\n<div class=\"wp-block-column is-layout-flow wp-block-column-is-layout-flow\">\n<figure class=\"wp-block-image size-full\"><img decoding=\"async\" width=\"1656\" height=\"1243\" src=\"https:\/\/www.chicasafurniture.com\/wp-content\/uploads\/2026\/03\/Modern-Minimalist-Custom-Armchair-Solid-Wood-Accent-Chair-5.webp\" alt=\"Fauteuil moderne minimaliste sur mesure, chaise d&#039;appoint en bois massif-5\" class=\"wp-image-870\" srcset=\"https:\/\/www.chicasafurniture.com\/wp-content\/uploads\/2026\/03\/Modern-Minimalist-Custom-Armchair-Solid-Wood-Accent-Chair-5.webp 1656w, https:\/\/www.chicasafurniture.com\/wp-content\/uploads\/2026\/03\/Modern-Minimalist-Custom-Armchair-Solid-Wood-Accent-Chair-5-300x225.webp 300w, https:\/\/www.chicasafurniture.com\/wp-content\/uploads\/2026\/03\/Modern-Minimalist-Custom-Armchair-Solid-Wood-Accent-Chair-5-768x576.webp 768w, https:\/\/www.chicasafurniture.com\/wp-content\/uploads\/2026\/03\/Modern-Minimalist-Custom-Armchair-Solid-Wood-Accent-Chair-5-1200x901.webp 1200w, https:\/\/www.chicasafurniture.com\/wp-content\/uploads\/2026\/03\/Modern-Minimalist-Custom-Armchair-Solid-Wood-Accent-Chair-5-600x450.webp 600w\" sizes=\"(max-width: 1656px) 100vw, 1656px\" \/><\/figure>\n<\/div>\n<\/div>\n\n\n\n<div class=\"wp-block-columns is-layout-flex wp-container-core-columns-is-layout-9d6595d7 wp-block-columns-is-layout-flex\">\n<div class=\"wp-block-column is-layout-flow wp-block-column-is-layout-flow\">\n<figure class=\"wp-block-image size-full\"><img decoding=\"async\" width=\"1796\" height=\"1348\" src=\"https:\/\/www.chicasafurniture.com\/wp-content\/uploads\/2026\/03\/Modern-Minimalist-Custom-Armchair-Solid-Wood-Accent-Chair-4.webp\" alt=\"Fauteuil moderne minimaliste sur mesure, chaise d&#039;appoint en bois massif-4\" class=\"wp-image-869\" srcset=\"https:\/\/www.chicasafurniture.com\/wp-content\/uploads\/2026\/03\/Modern-Minimalist-Custom-Armchair-Solid-Wood-Accent-Chair-4.webp 1796w, https:\/\/www.chicasafurniture.com\/wp-content\/uploads\/2026\/03\/Modern-Minimalist-Custom-Armchair-Solid-Wood-Accent-Chair-4-300x225.webp 300w, https:\/\/www.chicasafurniture.com\/wp-content\/uploads\/2026\/03\/Modern-Minimalist-Custom-Armchair-Solid-Wood-Accent-Chair-4-768x576.webp 768w, https:\/\/www.chicasafurniture.com\/wp-content\/uploads\/2026\/03\/Modern-Minimalist-Custom-Armchair-Solid-Wood-Accent-Chair-4-1200x901.webp 1200w, https:\/\/www.chicasafurniture.com\/wp-content\/uploads\/2026\/03\/Modern-Minimalist-Custom-Armchair-Solid-Wood-Accent-Chair-4-600x450.webp 600w\" sizes=\"(max-width: 1796px) 100vw, 1796px\" \/><\/figure>\n<\/div>\n\n\n\n<div class=\"wp-block-column is-layout-flow wp-block-column-is-layout-flow\">\n<figure class=\"wp-block-image size-full\"><img decoding=\"async\" width=\"1425\" height=\"1070\" src=\"https:\/\/www.chicasafurniture.com\/wp-content\/uploads\/2026\/03\/Modern-Minimalist-Custom-Armchair-Solid-Wood-Accent-Chair-3.webp\" alt=\"Fauteuil moderne minimaliste sur mesure, chaise d&#039;appoint en bois massif-3\" class=\"wp-image-868\" srcset=\"https:\/\/www.chicasafurniture.com\/wp-content\/uploads\/2026\/03\/Modern-Minimalist-Custom-Armchair-Solid-Wood-Accent-Chair-3.webp 1425w, https:\/\/www.chicasafurniture.com\/wp-content\/uploads\/2026\/03\/Modern-Minimalist-Custom-Armchair-Solid-Wood-Accent-Chair-3-300x225.webp 300w, https:\/\/www.chicasafurniture.com\/wp-content\/uploads\/2026\/03\/Modern-Minimalist-Custom-Armchair-Solid-Wood-Accent-Chair-3-768x577.webp 768w, https:\/\/www.chicasafurniture.com\/wp-content\/uploads\/2026\/03\/Modern-Minimalist-Custom-Armchair-Solid-Wood-Accent-Chair-3-1200x901.webp 1200w, https:\/\/www.chicasafurniture.com\/wp-content\/uploads\/2026\/03\/Modern-Minimalist-Custom-Armchair-Solid-Wood-Accent-Chair-3-600x451.webp 600w\" sizes=\"(max-width: 1425px) 100vw, 1425px\" \/><\/figure>\n<\/div>\n<\/div>\n\n\n\n<figure class=\"wp-block-image size-full\"><img decoding=\"async\" width=\"894\" height=\"608\" src=\"https:\/\/www.chicasafurniture.com\/wp-content\/uploads\/2026\/03\/Modern-Minimalist-Custom-Armchair-Solid-Wood-Accent-Chair-2.webp\" alt=\"Fauteuil moderne minimaliste sur mesure, chaise d&#039;appoint en bois massif-2\" class=\"wp-image-867\" srcset=\"https:\/\/www.chicasafurniture.com\/wp-content\/uploads\/2026\/03\/Modern-Minimalist-Custom-Armchair-Solid-Wood-Accent-Chair-2.webp 894w, https:\/\/www.chicasafurniture.com\/wp-content\/uploads\/2026\/03\/Modern-Minimalist-Custom-Armchair-Solid-Wood-Accent-Chair-2-300x204.webp 300w, https:\/\/www.chicasafurniture.com\/wp-content\/uploads\/2026\/03\/Modern-Minimalist-Custom-Armchair-Solid-Wood-Accent-Chair-2-768x522.webp 768w, https:\/\/www.chicasafurniture.com\/wp-content\/uploads\/2026\/03\/Modern-Minimalist-Custom-Armchair-Solid-Wood-Accent-Chair-2-600x408.webp 600w\" sizes=\"(max-width: 894px) 100vw, 894px\" \/><\/figure>","protected":false},"excerpt":{"rendered":"<p>Faites l'exp\u00e9rience du luxe avec notre fauteuil sur mesure. Ce fauteuil sur mesure est une fusion de l'artisanat moderne et de l'esth\u00e9tique naturelle. Le design g\u00e9n\u00e9ral se caract\u00e9rise par un cadre en bois massif chaleureux, avec des lignes \u00e9pur\u00e9es cr\u00e9ant une silhouette tr\u00e8s architecturale.<\/p>\n<table style=\"border-collapse: collapse; width: 222.03pt;\" border=\"0\" width=\"222\" cellspacing=\"0\" cellpadding=\"0\">\n<tbody>\n<tr style=\"height: 15.20pt;\">\n<td class=\"et2\" style=\"height: 15.20pt; width: 81.65pt;\" width=\"81\" height=\"15\">Fabricant<\/td>\n<td class=\"et2\" style=\"width: 140.80pt;\" width=\"140\">ChiCasa<\/td>\n<\/tr>\n<tr style=\"height: 15.20pt;\">\n<td class=\"et2\" style=\"height: 15.20pt;\" height=\"15\">Cat\u00e9gorie<\/td>\n<td class=\"et2\">Fauteuil<\/td>\n<\/tr>\n<tr style=\"height: 15.20pt;\">\n<td class=\"et2\" style=\"height: 15.20pt;\" height=\"15\">Application<\/td>\n<td class=\"et2\">Salle de s\u00e9jour<\/td>\n<\/tr>\n<tr style=\"height: 15.20pt;\">\n<td class=\"et2\" style=\"height: 15.20pt;\" height=\"15\">Style<\/td>\n<td class=\"et2\">Minimaliste<\/td>\n<\/tr>\n<tr style=\"height: 15.20pt;\">\n<td class=\"et2\" style=\"height: 15.20pt;\" height=\"15\">Mod\u00e8le<\/td>\n<td class=\"et2\">QMY-LC006<\/td>\n<\/tr>\n<tr style=\"height: 15.20pt;\">\n<td class=\"et2\" style=\"height: 15.20pt;\" height=\"15\">Personnalisation<\/td>\n<td class=\"et2\">Couleur, taille, mat\u00e9riau<\/td>\n<\/tr>\n<tr style=\"height: 15.20pt;\">\n<td class=\"et2\" style=\"height: 15.20pt;\" height=\"15\">MOQ<\/td>\n<td class=\"et2\">1pcs<\/td>\n<\/tr>\n<\/tbody>\n<\/table>","protected":false},"featured_media":866,"comment_status":"closed","ping_status":"closed","template":"","meta":{"_acf_changed":false},"product_brand":[],"product_cat":[16,25],"product_tag":[],"class_list":{"0":"post-865","1":"product","2":"type-product","3":"status-publish","4":"has-post-thumbnail","6":"product_cat-bespoke-living-room-furniture","7":"product_cat-bespoke-armchairs","9":"first","10":"instock","11":"shipping-taxable","12":"product-type-simple"},"acf":[],"_links":{"self":[{"href":"https:\/\/www.chicasafurniture.com\/fr\/wp-json\/wp\/v2\/product\/865","targetHints":{"allow":["GET"]}}],"collection":[{"href":"https:\/\/www.chicasafurniture.com\/fr\/wp-json\/wp\/v2\/product"}],"about":[{"href":"https:\/\/www.chicasafurniture.com\/fr\/wp-json\/wp\/v2\/types\/product"}],"replies":[{"embeddable":true,"href":"https:\/\/www.chicasafurniture.com\/fr\/wp-json\/wp\/v2\/comments?post=865"}],"wp:featuredmedia":[{"embeddable":true,"href":"https:\/\/www.chicasafurniture.com\/fr\/wp-json\/wp\/v2\/media\/866"}],"wp:attachment":[{"href":"https:\/\/www.chicasafurniture.com\/fr\/wp-json\/wp\/v2\/media?parent=865"}],"wp:term":[{"taxonomy":"product_brand","embeddable":true,"href":"https:\/\/www.chicasafurniture.com\/fr\/wp-json\/wp\/v2\/product_brand?post=865"},{"taxonomy":"product_cat","embeddable":true,"href":"https:\/\/www.chicasafurniture.com\/fr\/wp-json\/wp\/v2\/product_cat?post=865"},{"taxonomy":"product_tag","embeddable":true,"href":"https:\/\/www.chicasafurniture.com\/fr\/wp-json\/wp\/v2\/product_tag?post=865"}],"curies":[{"name":"wp","href":"https:\/\/api.w.org\/{rel}","templated":true}]}}