{"id":871,"date":"2026-03-03T08:51:53","date_gmt":"2026-03-03T08:51:53","guid":{"rendered":"https:\/\/www.chicasafurniture.com\/?post_type=product&#038;p=871"},"modified":"2026-03-10T03:20:12","modified_gmt":"2026-03-10T03:20:12","slug":"custom-accent-chair","status":"publish","type":"product","link":"https:\/\/www.chicasafurniture.com\/fr\/product\/custom-accent-chair\/","title":{"rendered":"Chaise d'appoint personnalis\u00e9e raffin\u00e9e avec design moderne en bois lamell\u00e9"},"content":{"rendered":"<h2 class=\"wp-block-heading\">Caract\u00e9ristiques du produit Custom Accent Chair<\/h2>\n\n\n\n<figure class=\"wp-block-table\"><table class=\"has-fixed-layout\"><tbody><tr><td>Cadre<\/td><td>Mat\u00e9riau de couverture<\/td><td>Mat\u00e9riau de remplissage<\/td><td>Jambes<\/td><td>Couleur<\/td><td>Taille<\/td><td>Poids<\/td><\/tr><tr><td>Bois massif<\/td><td>Tissu<\/td><td>\u00c9ponge haute densit\u00e9<\/td><td>Bois massif<\/td><td>Sur mesure<\/td><td>Taille normale<\/td><td>35-50kg<\/td><\/tr><\/tbody><\/table><\/figure>\n\n\n\n<div class=\"wp-block-columns is-layout-flex wp-container-core-columns-is-layout-9d6595d7 wp-block-columns-is-layout-flex\">\n<div class=\"wp-block-column is-layout-flow wp-block-column-is-layout-flow\">\n<h2 class=\"wp-block-heading\">Chaise d'appoint haut de gamme personnalis\u00e9e Caract\u00e9ristiques :<\/h2>\n\n\n\n<ul class=\"wp-block-list\">\n<li><strong>Grille artistique Dossier :<\/strong> Cette chaise d'appoint personnalis\u00e9e est dot\u00e9e d'une grille en bois ferm\u00e9e unique qui cr\u00e9e une riche impression de superposition spatiale gr\u00e2ce \u00e0 l'interaction de la lumi\u00e8re et de l'ombre.<\/li>\n\n\n\n<li><strong>Base arrondie ferm\u00e9e : <\/strong>L'\u00e9l\u00e9gante base en bois massif en forme de fer \u00e0 cheval de ce fauteuil sur mesure rompt avec la monotonie du mobilier traditionnel et conf\u00e8re \u00e0 l'espace une esth\u00e9tique plus dynamique et plus belle.<\/li>\n\n\n\n<li><strong>Coussins de confort multicouches :<\/strong> Cette chaise d'appoint personnalis\u00e9e est \u00e9quip\u00e9e de plusieurs tailles de dossiers \u00e0 haute \u00e9lasticit\u00e9 qui peuvent \u00eatre librement ajust\u00e9s \u00e0 diff\u00e9rentes postures d'assise, offrant ainsi un soutien complet de la taille \u00e0 la nuque.<\/li>\n\n\n\n<li><strong>Bois massif naturel s\u00e9lectionn\u00e9 : <\/strong>Notre fauteuil sur mesure est fabriqu\u00e9 \u00e0 partir de bois durs de haute qualit\u00e9 soigneusement s\u00e9lectionn\u00e9s, rainur\u00e9s avec pr\u00e9cision et polis \u00e0 la main, ce qui permet de pr\u00e9server le grain naturel tout en garantissant une r\u00e9sistance structurelle extr\u00eamement \u00e9lev\u00e9e.<\/li>\n\n\n\n<li><strong>Tissu personnalis\u00e9 haut de gamme : <\/strong>Notre fauteuil d'appoint personnalis\u00e9 utilise un tissu m\u00e9lang\u00e9 de premi\u00e8re qualit\u00e9, durable et infroissable, aux couleurs chaudes et au toucher d\u00e9licat, qui allie durabilit\u00e9 et confort pour la peau.<\/li>\n<\/ul>\n<\/div>\n\n\n\n<div class=\"wp-block-column is-layout-flow wp-block-column-is-layout-flow\">\n<figure class=\"wp-block-image size-full\"><img decoding=\"async\" width=\"1210\" height=\"1440\" src=\"https:\/\/www.chicasafurniture.com\/wp-content\/uploads\/2026\/03\/Refined-Custom-Accent-Chair-with-Modern-Slatted-Wood-Design-1.webp\" alt=\"Chaise d&#039;appoint personnalis\u00e9e raffin\u00e9e avec design moderne en bois lamell\u00e9-1\" class=\"wp-image-872\" srcset=\"https:\/\/www.chicasafurniture.com\/wp-content\/uploads\/2026\/03\/Refined-Custom-Accent-Chair-with-Modern-Slatted-Wood-Design-1.webp 1210w, https:\/\/www.chicasafurniture.com\/wp-content\/uploads\/2026\/03\/Refined-Custom-Accent-Chair-with-Modern-Slatted-Wood-Design-1-252x300.webp 252w, https:\/\/www.chicasafurniture.com\/wp-content\/uploads\/2026\/03\/Refined-Custom-Accent-Chair-with-Modern-Slatted-Wood-Design-1-768x914.webp 768w, https:\/\/www.chicasafurniture.com\/wp-content\/uploads\/2026\/03\/Refined-Custom-Accent-Chair-with-Modern-Slatted-Wood-Design-1-1200x1428.webp 1200w, https:\/\/www.chicasafurniture.com\/wp-content\/uploads\/2026\/03\/Refined-Custom-Accent-Chair-with-Modern-Slatted-Wood-Design-1-600x714.webp 600w\" sizes=\"(max-width: 1210px) 100vw, 1210px\" \/><\/figure>\n<\/div>\n<\/div>\n\n\n\n<div class=\"wp-block-columns is-layout-flex wp-container-core-columns-is-layout-9d6595d7 wp-block-columns-is-layout-flex\">\n<div class=\"wp-block-column is-layout-flow wp-block-column-is-layout-flow\">\n<figure class=\"wp-block-image size-full\"><img decoding=\"async\" width=\"1500\" height=\"1063\" src=\"https:\/\/www.chicasafurniture.com\/wp-content\/uploads\/2026\/03\/Refined-Custom-Accent-Chair-with-Modern-Slatted-Wood-Design-3.webp\" alt=\"Chaise d&#039;appoint personnalis\u00e9e raffin\u00e9e avec design moderne en bois lamell\u00e9-3\" class=\"wp-image-874\" srcset=\"https:\/\/www.chicasafurniture.com\/wp-content\/uploads\/2026\/03\/Refined-Custom-Accent-Chair-with-Modern-Slatted-Wood-Design-3.webp 1500w, https:\/\/www.chicasafurniture.com\/wp-content\/uploads\/2026\/03\/Refined-Custom-Accent-Chair-with-Modern-Slatted-Wood-Design-3-300x213.webp 300w, https:\/\/www.chicasafurniture.com\/wp-content\/uploads\/2026\/03\/Refined-Custom-Accent-Chair-with-Modern-Slatted-Wood-Design-3-768x544.webp 768w, https:\/\/www.chicasafurniture.com\/wp-content\/uploads\/2026\/03\/Refined-Custom-Accent-Chair-with-Modern-Slatted-Wood-Design-3-1200x850.webp 1200w, https:\/\/www.chicasafurniture.com\/wp-content\/uploads\/2026\/03\/Refined-Custom-Accent-Chair-with-Modern-Slatted-Wood-Design-3-600x425.webp 600w\" sizes=\"(max-width: 1500px) 100vw, 1500px\" \/><\/figure>\n<\/div>\n\n\n\n<div class=\"wp-block-column is-layout-flow wp-block-column-is-layout-flow\">\n<figure class=\"wp-block-image size-full\"><img decoding=\"async\" width=\"1500\" height=\"1181\" src=\"https:\/\/www.chicasafurniture.com\/wp-content\/uploads\/2026\/03\/Refined-Custom-Accent-Chair-with-Modern-Slatted-Wood-Design-4.webp\" alt=\"Chaise d&#039;appoint sur mesure raffin\u00e9e avec design moderne en bois lamellaire-4\" class=\"wp-image-875\" srcset=\"https:\/\/www.chicasafurniture.com\/wp-content\/uploads\/2026\/03\/Refined-Custom-Accent-Chair-with-Modern-Slatted-Wood-Design-4.webp 1500w, https:\/\/www.chicasafurniture.com\/wp-content\/uploads\/2026\/03\/Refined-Custom-Accent-Chair-with-Modern-Slatted-Wood-Design-4-300x236.webp 300w, https:\/\/www.chicasafurniture.com\/wp-content\/uploads\/2026\/03\/Refined-Custom-Accent-Chair-with-Modern-Slatted-Wood-Design-4-768x605.webp 768w, https:\/\/www.chicasafurniture.com\/wp-content\/uploads\/2026\/03\/Refined-Custom-Accent-Chair-with-Modern-Slatted-Wood-Design-4-1200x945.webp 1200w, https:\/\/www.chicasafurniture.com\/wp-content\/uploads\/2026\/03\/Refined-Custom-Accent-Chair-with-Modern-Slatted-Wood-Design-4-600x472.webp 600w\" sizes=\"(max-width: 1500px) 100vw, 1500px\" \/><\/figure>\n<\/div>\n<\/div>","protected":false},"excerpt":{"rendered":"<p>D\u00e9couvrez le luxe avec notre fauteuil d'appoint sur mesure. Ce fauteuil sur mesure est dot\u00e9 d'un dossier en lattes de bois incurv\u00e9es, de coussins en tissu de qualit\u00e9 sup\u00e9rieure et d'un cadre en noyer massif. Dans n'importe quel espace, sa silhouette artistique distinctive d\u00e9finit la sophistication d'une d\u00e9coration moderne.<\/p>\n<table style=\"border-collapse: collapse; width: 222.03pt;\" border=\"0\" width=\"222\" cellspacing=\"0\" cellpadding=\"0\">\n<tbody>\n<tr style=\"height: 15.20pt;\">\n<td class=\"et2\" style=\"height: 15.20pt; width: 81.65pt;\" width=\"81\" height=\"15\">Fabricant<\/td>\n<td class=\"et2\" style=\"width: 140.80pt;\" width=\"140\">ChiCasa<\/td>\n<\/tr>\n<tr style=\"height: 15.20pt;\">\n<td class=\"et2\" style=\"height: 15.20pt;\" height=\"15\">Cat\u00e9gorie<\/td>\n<td class=\"et2\">Fauteuil<\/td>\n<\/tr>\n<tr style=\"height: 15.20pt;\">\n<td class=\"et2\" style=\"height: 15.20pt;\" height=\"15\">Application<\/td>\n<td class=\"et2\">Salle de s\u00e9jour<\/td>\n<\/tr>\n<tr style=\"height: 15.20pt;\">\n<td class=\"et2\" style=\"height: 15.20pt;\" height=\"15\">Style<\/td>\n<td class=\"et2\">Minimaliste<\/td>\n<\/tr>\n<tr style=\"height: 15.20pt;\">\n<td class=\"et2\" style=\"height: 15.20pt;\" height=\"15\">Mod\u00e8le<\/td>\n<td class=\"et2\">QMY-LC003<\/td>\n<\/tr>\n<tr style=\"height: 15.20pt;\">\n<td class=\"et2\" style=\"height: 15.20pt;\" height=\"15\">Personnalisation<\/td>\n<td class=\"et2\">Couleur, taille, mat\u00e9riau<\/td>\n<\/tr>\n<tr style=\"height: 15.20pt;\">\n<td class=\"et2\" style=\"height: 15.20pt;\" height=\"15\">MOQ<\/td>\n<td class=\"et2\">1pcs<\/td>\n<\/tr>\n<\/tbody>\n<\/table>","protected":false},"featured_media":873,"comment_status":"closed","ping_status":"closed","template":"","meta":{"_acf_changed":false},"product_brand":[],"product_cat":[16,25],"product_tag":[],"class_list":{"0":"post-871","1":"product","2":"type-product","3":"status-publish","4":"has-post-thumbnail","6":"product_cat-bespoke-living-room-furniture","7":"product_cat-bespoke-armchairs","9":"first","10":"instock","11":"shipping-taxable","12":"product-type-simple"},"acf":[],"_links":{"self":[{"href":"https:\/\/www.chicasafurniture.com\/fr\/wp-json\/wp\/v2\/product\/871","targetHints":{"allow":["GET"]}}],"collection":[{"href":"https:\/\/www.chicasafurniture.com\/fr\/wp-json\/wp\/v2\/product"}],"about":[{"href":"https:\/\/www.chicasafurniture.com\/fr\/wp-json\/wp\/v2\/types\/product"}],"replies":[{"embeddable":true,"href":"https:\/\/www.chicasafurniture.com\/fr\/wp-json\/wp\/v2\/comments?post=871"}],"wp:featuredmedia":[{"embeddable":true,"href":"https:\/\/www.chicasafurniture.com\/fr\/wp-json\/wp\/v2\/media\/873"}],"wp:attachment":[{"href":"https:\/\/www.chicasafurniture.com\/fr\/wp-json\/wp\/v2\/media?parent=871"}],"wp:term":[{"taxonomy":"product_brand","embeddable":true,"href":"https:\/\/www.chicasafurniture.com\/fr\/wp-json\/wp\/v2\/product_brand?post=871"},{"taxonomy":"product_cat","embeddable":true,"href":"https:\/\/www.chicasafurniture.com\/fr\/wp-json\/wp\/v2\/product_cat?post=871"},{"taxonomy":"product_tag","embeddable":true,"href":"https:\/\/www.chicasafurniture.com\/fr\/wp-json\/wp\/v2\/product_tag?post=871"}],"curies":[{"name":"wp","href":"https:\/\/api.w.org\/{rel}","templated":true}]}}