{"id":920,"date":"2026-03-04T08:47:20","date_gmt":"2026-03-04T08:47:20","guid":{"rendered":"https:\/\/www.chicasafurniture.com\/?post_type=product&#038;p=920"},"modified":"2026-03-04T10:00:42","modified_gmt":"2026-03-04T10:00:42","slug":"custom-sectional-sofa","status":"publish","type":"product","link":"https:\/\/www.chicasafurniture.com\/fr\/product\/custom-sectional-sofa\/","title":{"rendered":"Canap\u00e9 sectionnel moderne tiss\u00e9 sur mesure, diff\u00e9rentes dispositions spatiales"},"content":{"rendered":"<h2 class=\"wp-block-heading\">Sp\u00e9cifications produit du canap\u00e9 sectionnel sur mesure<\/h2>\n\n\n\n<figure class=\"wp-block-table\"><table class=\"has-fixed-layout\"><tbody><tr><td>Cadre<\/td><td>Mat\u00e9riau de couverture<\/td><td>Mat\u00e9riau de remplissage<\/td><td>Jambes<\/td><td>Couleur<\/td><td>Taille<\/td><td>Poids<\/td><\/tr><tr><td>Bois massif<\/td><td>Tissu<\/td><td>\u00c9ponge haute densit\u00e9<\/td><td>Bois<\/td><td>Sur mesure<\/td><td>Sur mesure<\/td><td>90-240kg<\/td><\/tr><\/tbody><\/table><\/figure>\n\n\n\n<div class=\"wp-block-columns is-layout-flex wp-container-core-columns-is-layout-9d6595d7 wp-block-columns-is-layout-flex\">\n<div class=\"wp-block-column is-layout-flow wp-block-column-is-layout-flow\">\n<h2 class=\"wp-block-heading\">Canap\u00e9 sectionnel haut de gamme sur mesure Caract\u00e9ristiques :<\/h2>\n\n\n\n<ul class=\"wp-block-list\">\n<li><strong>Tissage artisanal du cuir : <\/strong>Le dossier et les accoudoirs de ce canap\u00e9 sectionnel personnalis\u00e9 sont fabriqu\u00e9s \u00e0 partir de cuir de haute qualit\u00e9 tiss\u00e9 dans une texture tridimensionnelle unique, t\u00e9moignant d'un travail artisanal m\u00e9ticuleux.<\/li>\n\n\n\n<li><strong>Conception modulaire enti\u00e8rement personnalisable : <\/strong>Ce canap\u00e9 moderne sur mesure pr\u00e9sente une conception modulaire flexible, qui s'adapte facilement \u00e0 diff\u00e9rents agencements de salon, y compris des dispositions droites, en forme de L ou en forme de U.<\/li>\n\n\n\n<li><strong>Cadre m\u00e9tallique de luxe italien :<\/strong> Le pi\u00e8tement et la structure en m\u00e9tal poli du canap\u00e9 sectionnel sur mesure offrent non seulement un support solide, mais aussi un aspect moderne, minimaliste et luxueux.<\/li>\n\n\n\n<li><strong>Confort d'assise comparable \u00e0 celui d'un nuage : <\/strong>Notre canap\u00e9 moderne personnalis\u00e9 utilise une mousse r\u00e9siliente de haute densit\u00e9 combin\u00e9e \u00e0 des tissus respirants et doux pour la peau, ainsi qu'\u00e0 une vari\u00e9t\u00e9 de coussins moelleux, offrant un confort et un soutien ultimes.<\/li>\n\n\n\n<li><strong>Conception visuelle \u00e0 360 degr\u00e9s :<\/strong> Ce canap\u00e9 sectionnel sur mesure rompt avec la limitation traditionnelle de placer les canap\u00e9s contre un mur ; son dossier tiss\u00e9 caract\u00e9ristique devient une \u0153uvre d'art m\u00eame lorsqu'il est plac\u00e9 au centre d'un espace.<\/li>\n<\/ul>\n<\/div>\n\n\n\n<div class=\"wp-block-column is-layout-flow wp-block-column-is-layout-flow\">\n<figure class=\"wp-block-image size-full\"><img decoding=\"async\" width=\"1680\" height=\"1680\" src=\"https:\/\/www.chicasafurniture.com\/wp-content\/uploads\/2026\/03\/Modern-Woven-Custom-Sectional-Sofa-Various-Spatial-Layouts-2.webp\" alt=\"Canap\u00e9 sectionnel moderne tiss\u00e9 sur mesure, diff\u00e9rentes dispositions spatiales-3\" class=\"wp-image-922\" srcset=\"https:\/\/www.chicasafurniture.com\/wp-content\/uploads\/2026\/03\/Modern-Woven-Custom-Sectional-Sofa-Various-Spatial-Layouts-2.webp 1680w, https:\/\/www.chicasafurniture.com\/wp-content\/uploads\/2026\/03\/Modern-Woven-Custom-Sectional-Sofa-Various-Spatial-Layouts-2-300x300.webp 300w, https:\/\/www.chicasafurniture.com\/wp-content\/uploads\/2026\/03\/Modern-Woven-Custom-Sectional-Sofa-Various-Spatial-Layouts-2-150x150.webp 150w, https:\/\/www.chicasafurniture.com\/wp-content\/uploads\/2026\/03\/Modern-Woven-Custom-Sectional-Sofa-Various-Spatial-Layouts-2-768x768.webp 768w, https:\/\/www.chicasafurniture.com\/wp-content\/uploads\/2026\/03\/Modern-Woven-Custom-Sectional-Sofa-Various-Spatial-Layouts-2-1200x1200.webp 1200w, https:\/\/www.chicasafurniture.com\/wp-content\/uploads\/2026\/03\/Modern-Woven-Custom-Sectional-Sofa-Various-Spatial-Layouts-2-600x600.webp 600w, https:\/\/www.chicasafurniture.com\/wp-content\/uploads\/2026\/03\/Modern-Woven-Custom-Sectional-Sofa-Various-Spatial-Layouts-2-100x100.webp 100w\" sizes=\"(max-width: 1680px) 100vw, 1680px\" \/><\/figure>\n<\/div>\n<\/div>\n\n\n\n<div class=\"wp-block-columns is-layout-flex wp-container-core-columns-is-layout-9d6595d7 wp-block-columns-is-layout-flex\">\n<div class=\"wp-block-column is-layout-flow wp-block-column-is-layout-flow\">\n<figure class=\"wp-block-image size-full\"><img decoding=\"async\" width=\"1080\" height=\"1080\" src=\"https:\/\/www.chicasafurniture.com\/wp-content\/uploads\/2026\/03\/Modern-Woven-Custom-Sectional-Sofa-Various-Spatial-Layouts-5.webp\" alt=\"Canap\u00e9 sectionnel moderne tiss\u00e9 sur mesure, diff\u00e9rentes dispositions spatiales-5\" class=\"wp-image-925\" srcset=\"https:\/\/www.chicasafurniture.com\/wp-content\/uploads\/2026\/03\/Modern-Woven-Custom-Sectional-Sofa-Various-Spatial-Layouts-5.webp 1080w, https:\/\/www.chicasafurniture.com\/wp-content\/uploads\/2026\/03\/Modern-Woven-Custom-Sectional-Sofa-Various-Spatial-Layouts-5-300x300.webp 300w, https:\/\/www.chicasafurniture.com\/wp-content\/uploads\/2026\/03\/Modern-Woven-Custom-Sectional-Sofa-Various-Spatial-Layouts-5-150x150.webp 150w, https:\/\/www.chicasafurniture.com\/wp-content\/uploads\/2026\/03\/Modern-Woven-Custom-Sectional-Sofa-Various-Spatial-Layouts-5-768x768.webp 768w, https:\/\/www.chicasafurniture.com\/wp-content\/uploads\/2026\/03\/Modern-Woven-Custom-Sectional-Sofa-Various-Spatial-Layouts-5-600x600.webp 600w, https:\/\/www.chicasafurniture.com\/wp-content\/uploads\/2026\/03\/Modern-Woven-Custom-Sectional-Sofa-Various-Spatial-Layouts-5-100x100.webp 100w\" sizes=\"(max-width: 1080px) 100vw, 1080px\" \/><\/figure>\n<\/div>\n\n\n\n<div class=\"wp-block-column is-layout-flow wp-block-column-is-layout-flow\">\n<figure class=\"wp-block-image size-full\"><img decoding=\"async\" width=\"1080\" height=\"1080\" src=\"https:\/\/www.chicasafurniture.com\/wp-content\/uploads\/2026\/03\/Modern-Woven-Custom-Sectional-Sofa-Various-Spatial-Layouts-4.webp\" alt=\"Canap\u00e9 sectionnel moderne tiss\u00e9 sur mesure, diff\u00e9rentes dispositions spatiales-4\" class=\"wp-image-924\" srcset=\"https:\/\/www.chicasafurniture.com\/wp-content\/uploads\/2026\/03\/Modern-Woven-Custom-Sectional-Sofa-Various-Spatial-Layouts-4.webp 1080w, https:\/\/www.chicasafurniture.com\/wp-content\/uploads\/2026\/03\/Modern-Woven-Custom-Sectional-Sofa-Various-Spatial-Layouts-4-300x300.webp 300w, https:\/\/www.chicasafurniture.com\/wp-content\/uploads\/2026\/03\/Modern-Woven-Custom-Sectional-Sofa-Various-Spatial-Layouts-4-150x150.webp 150w, https:\/\/www.chicasafurniture.com\/wp-content\/uploads\/2026\/03\/Modern-Woven-Custom-Sectional-Sofa-Various-Spatial-Layouts-4-768x768.webp 768w, https:\/\/www.chicasafurniture.com\/wp-content\/uploads\/2026\/03\/Modern-Woven-Custom-Sectional-Sofa-Various-Spatial-Layouts-4-600x600.webp 600w, https:\/\/www.chicasafurniture.com\/wp-content\/uploads\/2026\/03\/Modern-Woven-Custom-Sectional-Sofa-Various-Spatial-Layouts-4-100x100.webp 100w\" sizes=\"(max-width: 1080px) 100vw, 1080px\" \/><\/figure>\n<\/div>\n<\/div>","protected":false},"excerpt":{"rendered":"<p>\u00c9levez votre espace de vie avec ce canap\u00e9 sectionnel personnalis\u00e9. Dot\u00e9 d'un rembourrage de qualit\u00e9 sup\u00e9rieure, de d\u00e9tails en cuir tress\u00e9 chic et d'une structure m\u00e9tallique \u00e9l\u00e9gante et durable, son design modulaire permet diff\u00e9rentes dispositions spatiales, ce qui le rend id\u00e9al pour cr\u00e9er un point focal luxueux dans le salon.<\/p>\n<table style=\"border-collapse: collapse; width: 222.03pt;\" border=\"0\" width=\"222\" cellspacing=\"0\" cellpadding=\"0\">\n<tbody>\n<tr style=\"height: 15.20pt;\">\n<td class=\"et2\" style=\"height: 15.20pt; width: 81.65pt;\" width=\"81\" height=\"15\">Fabricant<\/td>\n<td class=\"et2\" style=\"width: 140.80pt;\" width=\"140\">ChiCasa<\/td>\n<\/tr>\n<tr style=\"height: 15.20pt;\">\n<td class=\"et2\" style=\"height: 15.20pt;\" height=\"15\">Cat\u00e9gorie<\/td>\n<td class=\"et2\">Canap\u00e9<\/td>\n<\/tr>\n<tr style=\"height: 15.20pt;\">\n<td class=\"et2\" style=\"height: 15.20pt;\" height=\"15\">Application<\/td>\n<td class=\"et2\">Salle de s\u00e9jour<\/td>\n<\/tr>\n<tr style=\"height: 15.20pt;\">\n<td class=\"et2\" style=\"height: 15.20pt;\" height=\"15\">Style<\/td>\n<td class=\"et2\">Minimaliste<\/td>\n<\/tr>\n<tr style=\"height: 15.20pt;\">\n<td class=\"et2\" style=\"height: 15.20pt;\" height=\"15\">Mod\u00e8le<\/td>\n<td class=\"et2\">QMY-SF003<\/td>\n<\/tr>\n<tr style=\"height: 15.20pt;\">\n<td class=\"et2\" style=\"height: 15.20pt;\" height=\"15\">Personnalisation<\/td>\n<td class=\"et2\">Couleur, taille, mat\u00e9riau<\/td>\n<\/tr>\n<tr style=\"height: 15.20pt;\">\n<td class=\"et2\" style=\"height: 15.20pt;\" height=\"15\">MOQ<\/td>\n<td class=\"et2\">1pcs<\/td>\n<\/tr>\n<\/tbody>\n<\/table>","protected":false},"featured_media":923,"comment_status":"closed","ping_status":"closed","template":"","meta":{"_acf_changed":false},"product_brand":[],"product_cat":[16,23],"product_tag":[],"class_list":{"0":"post-920","1":"product","2":"type-product","3":"status-publish","4":"has-post-thumbnail","6":"product_cat-bespoke-living-room-furniture","7":"product_cat-bespoke-sofas-manufacturer","9":"first","10":"instock","11":"shipping-taxable","12":"product-type-simple"},"acf":[],"_links":{"self":[{"href":"https:\/\/www.chicasafurniture.com\/fr\/wp-json\/wp\/v2\/product\/920","targetHints":{"allow":["GET"]}}],"collection":[{"href":"https:\/\/www.chicasafurniture.com\/fr\/wp-json\/wp\/v2\/product"}],"about":[{"href":"https:\/\/www.chicasafurniture.com\/fr\/wp-json\/wp\/v2\/types\/product"}],"replies":[{"embeddable":true,"href":"https:\/\/www.chicasafurniture.com\/fr\/wp-json\/wp\/v2\/comments?post=920"}],"wp:featuredmedia":[{"embeddable":true,"href":"https:\/\/www.chicasafurniture.com\/fr\/wp-json\/wp\/v2\/media\/923"}],"wp:attachment":[{"href":"https:\/\/www.chicasafurniture.com\/fr\/wp-json\/wp\/v2\/media?parent=920"}],"wp:term":[{"taxonomy":"product_brand","embeddable":true,"href":"https:\/\/www.chicasafurniture.com\/fr\/wp-json\/wp\/v2\/product_brand?post=920"},{"taxonomy":"product_cat","embeddable":true,"href":"https:\/\/www.chicasafurniture.com\/fr\/wp-json\/wp\/v2\/product_cat?post=920"},{"taxonomy":"product_tag","embeddable":true,"href":"https:\/\/www.chicasafurniture.com\/fr\/wp-json\/wp\/v2\/product_tag?post=920"}],"curies":[{"name":"wp","href":"https:\/\/api.w.org\/{rel}","templated":true}]}}