{"id":997,"date":"2026-03-14T06:28:46","date_gmt":"2026-03-14T06:28:46","guid":{"rendered":"https:\/\/www.chicasafurniture.com\/?post_type=product&#038;p=997"},"modified":"2026-03-14T07:55:07","modified_gmt":"2026-03-14T07:55:07","slug":"factory-direct-couches","status":"publish","type":"product","link":"https:\/\/www.chicasafurniture.com\/fr\/product\/factory-direct-couches\/","title":{"rendered":"Factory Direct Couches, Canap\u00e9s sectionnels en L sur mesure"},"content":{"rendered":"<h2 class=\"wp-block-heading\">Sp\u00e9cifications des produits des canap\u00e9s Factory Direct<\/h2>\n\n\n\n<figure class=\"wp-block-table\"><table class=\"has-fixed-layout\"><tbody><tr><td>Cadre<\/td><td>Mat\u00e9riau de couverture<\/td><td>Mat\u00e9riau de remplissage<\/td><td>Jambes<\/td><td>Couleur<\/td><td>Taille<\/td><td>Poids<\/td><\/tr><tr><td>Bois massif<\/td><td>Tissu<\/td><td>\u00c9ponge haute densit\u00e9<\/td><td>Bois<\/td><td>Sur mesure<\/td><td>Sur mesure<\/td><td>90-240kg<\/td><\/tr><\/tbody><\/table><\/figure>\n\n\n\n<div class=\"wp-block-columns is-layout-flex wp-container-core-columns-is-layout-9d6595d7 wp-block-columns-is-layout-flex\">\n<div class=\"wp-block-column is-layout-flow wp-block-column-is-layout-flow\">\n<h2 class=\"wp-block-heading\">Premium Factory Direct Couches Caract\u00e9ristiques :<\/h2>\n\n\n\n<ul class=\"wp-block-list\">\n<li><strong>Approvisionnement direct, valeur exceptionnelle :<\/strong> En supprimant les interm\u00e9diaires, nos canap\u00e9s en direct de l'usine offrent aux acheteurs internationaux des prix tr\u00e8s comp\u00e9titifs et des options flexibles pour les commandes personnalis\u00e9es.<\/li>\n\n\n\n<li><strong>Dispositions modulaires flexibles :<\/strong> L'agencement modulaire de ce canap\u00e9 sur mesure permet des dispositions libres - combinant des \u00e9l\u00e9ments de chaise longue avec des sections de si\u00e8ges principaux - ce qui facilite l'adaptation \u00e0 une vari\u00e9t\u00e9 d'espaces, depuis les espaces de vie compacts jusqu'aux grands espaces commerciaux.<\/li>\n\n\n\n<li><strong>Mat\u00e9riaux et savoir-faire de haute qualit\u00e9 :<\/strong> Nos canap\u00e9s sont construits pour durer avec des inserts en mousse de haute densit\u00e9 et des tissus infroissables pour garantir qu'ils gardent leur forme ferme et ne s'affaissent pas, m\u00eame dans des environnements commerciaux tr\u00e8s fr\u00e9quent\u00e9s.<\/li>\n\n\n\n<li><strong>\u201cDesign industriel \u201dflottant\" :<\/strong> Ce canap\u00e9 sur mesure est dot\u00e9 de pieds en aluminium moul\u00e9 sous pression de pr\u00e9cision associ\u00e9s \u00e0 un profil de base \u00e9lanc\u00e9 ; cette conception offre non seulement une capacit\u00e9 de charge sup\u00e9rieure, mais conf\u00e8re \u00e9galement au meuble une esth\u00e9tique l\u00e9g\u00e8re et moderne.<\/li>\n\n\n\n<li><strong>Services de personnalisation complets :<\/strong> Nos canap\u00e9s d'usine offrent \u00e9galement un large \u00e9ventail d'options de personnalisation en termes de mat\u00e9riaux (cuir v\u00e9ritable, m\u00e9langes de coton et de lin, tissus techniques), de taille et de finitions de base pour s'adapter \u00e0 la personnalit\u00e9 de marque unique de chaque client.<\/li>\n<\/ul>\n<\/div>\n\n\n\n<div class=\"wp-block-column is-layout-flow wp-block-column-is-layout-flow\">\n<figure class=\"wp-block-image size-full\"><img decoding=\"async\" width=\"1900\" height=\"1425\" src=\"https:\/\/www.chicasafurniture.com\/wp-content\/uploads\/2026\/03\/Factory-Direct-Couches-Bespoke-L-Shaped-Sectional-Sofas-3.webp\" alt=\"Factory Direct Couches, Canap\u00e9s sectionnels en L sur mesure-3\" class=\"wp-image-1000\" srcset=\"https:\/\/www.chicasafurniture.com\/wp-content\/uploads\/2026\/03\/Factory-Direct-Couches-Bespoke-L-Shaped-Sectional-Sofas-3.webp 1900w, https:\/\/www.chicasafurniture.com\/wp-content\/uploads\/2026\/03\/Factory-Direct-Couches-Bespoke-L-Shaped-Sectional-Sofas-3-300x225.webp 300w, https:\/\/www.chicasafurniture.com\/wp-content\/uploads\/2026\/03\/Factory-Direct-Couches-Bespoke-L-Shaped-Sectional-Sofas-3-768x576.webp 768w, https:\/\/www.chicasafurniture.com\/wp-content\/uploads\/2026\/03\/Factory-Direct-Couches-Bespoke-L-Shaped-Sectional-Sofas-3-16x12.webp 16w, https:\/\/www.chicasafurniture.com\/wp-content\/uploads\/2026\/03\/Factory-Direct-Couches-Bespoke-L-Shaped-Sectional-Sofas-3-1200x900.webp 1200w, https:\/\/www.chicasafurniture.com\/wp-content\/uploads\/2026\/03\/Factory-Direct-Couches-Bespoke-L-Shaped-Sectional-Sofas-3-600x450.webp 600w\" sizes=\"(max-width: 1900px) 100vw, 1900px\" \/><\/figure>\n<\/div>\n<\/div>\n\n\n\n<div class=\"wp-block-columns is-layout-flex wp-container-core-columns-is-layout-9d6595d7 wp-block-columns-is-layout-flex\">\n<div class=\"wp-block-column is-layout-flow wp-block-column-is-layout-flow\">\n<figure class=\"wp-block-image size-full\"><img decoding=\"async\" width=\"1680\" height=\"1680\" src=\"https:\/\/www.chicasafurniture.com\/wp-content\/uploads\/2026\/03\/Factory-Direct-Couches-Bespoke-L-Shaped-Sectional-Sofas-5.webp\" alt=\"Factory Direct Couches, Canap\u00e9s sectionnels en L sur mesure-5\" class=\"wp-image-1002\" srcset=\"https:\/\/www.chicasafurniture.com\/wp-content\/uploads\/2026\/03\/Factory-Direct-Couches-Bespoke-L-Shaped-Sectional-Sofas-5.webp 1680w, https:\/\/www.chicasafurniture.com\/wp-content\/uploads\/2026\/03\/Factory-Direct-Couches-Bespoke-L-Shaped-Sectional-Sofas-5-300x300.webp 300w, https:\/\/www.chicasafurniture.com\/wp-content\/uploads\/2026\/03\/Factory-Direct-Couches-Bespoke-L-Shaped-Sectional-Sofas-5-150x150.webp 150w, https:\/\/www.chicasafurniture.com\/wp-content\/uploads\/2026\/03\/Factory-Direct-Couches-Bespoke-L-Shaped-Sectional-Sofas-5-768x768.webp 768w, https:\/\/www.chicasafurniture.com\/wp-content\/uploads\/2026\/03\/Factory-Direct-Couches-Bespoke-L-Shaped-Sectional-Sofas-5-12x12.webp 12w, https:\/\/www.chicasafurniture.com\/wp-content\/uploads\/2026\/03\/Factory-Direct-Couches-Bespoke-L-Shaped-Sectional-Sofas-5-1200x1200.webp 1200w, https:\/\/www.chicasafurniture.com\/wp-content\/uploads\/2026\/03\/Factory-Direct-Couches-Bespoke-L-Shaped-Sectional-Sofas-5-600x600.webp 600w, https:\/\/www.chicasafurniture.com\/wp-content\/uploads\/2026\/03\/Factory-Direct-Couches-Bespoke-L-Shaped-Sectional-Sofas-5-100x100.webp 100w\" sizes=\"(max-width: 1680px) 100vw, 1680px\" \/><\/figure>\n<\/div>\n\n\n\n<div class=\"wp-block-column is-layout-flow wp-block-column-is-layout-flow\">\n<figure class=\"wp-block-image size-full\"><img decoding=\"async\" width=\"1080\" height=\"1080\" src=\"https:\/\/www.chicasafurniture.com\/wp-content\/uploads\/2026\/03\/Factory-Direct-Couches-Bespoke-L-Shaped-Sectional-Sofas-4.webp\" alt=\"Factory Direct Couches, Canap\u00e9s sectionnels en L sur mesure-4\" class=\"wp-image-1001\" srcset=\"https:\/\/www.chicasafurniture.com\/wp-content\/uploads\/2026\/03\/Factory-Direct-Couches-Bespoke-L-Shaped-Sectional-Sofas-4.webp 1080w, https:\/\/www.chicasafurniture.com\/wp-content\/uploads\/2026\/03\/Factory-Direct-Couches-Bespoke-L-Shaped-Sectional-Sofas-4-300x300.webp 300w, https:\/\/www.chicasafurniture.com\/wp-content\/uploads\/2026\/03\/Factory-Direct-Couches-Bespoke-L-Shaped-Sectional-Sofas-4-150x150.webp 150w, https:\/\/www.chicasafurniture.com\/wp-content\/uploads\/2026\/03\/Factory-Direct-Couches-Bespoke-L-Shaped-Sectional-Sofas-4-768x768.webp 768w, https:\/\/www.chicasafurniture.com\/wp-content\/uploads\/2026\/03\/Factory-Direct-Couches-Bespoke-L-Shaped-Sectional-Sofas-4-12x12.webp 12w, https:\/\/www.chicasafurniture.com\/wp-content\/uploads\/2026\/03\/Factory-Direct-Couches-Bespoke-L-Shaped-Sectional-Sofas-4-600x600.webp 600w, https:\/\/www.chicasafurniture.com\/wp-content\/uploads\/2026\/03\/Factory-Direct-Couches-Bespoke-L-Shaped-Sectional-Sofas-4-100x100.webp 100w\" sizes=\"(max-width: 1080px) 100vw, 1080px\" \/><\/figure>\n<\/div>\n<\/div>","protected":false},"excerpt":{"rendered":"<p>Trouvez des canap\u00e9s de qualit\u00e9 sup\u00e9rieure en direct de l'usine avec des options de personnalisation sur mesure. Ce canap\u00e9 modulaire sur mesure, moderne et minimaliste, en forme de L, allie une esth\u00e9tique inspir\u00e9e de l'Italie \u00e0 un confort in\u00e9gal\u00e9. Son profil bas et son assise tr\u00e8s profonde cr\u00e9ent un effet visuel \u201cflottant\u201d saisissant.<\/p>\n<table style=\"border-collapse: collapse; width: 222.03pt;\" border=\"0\" width=\"222\" cellspacing=\"0\" cellpadding=\"0\">\n<tbody>\n<tr style=\"height: 15.20pt;\">\n<td class=\"et2\" style=\"height: 15.20pt; width: 81.65pt;\" width=\"81\" height=\"15\">Fabricant<\/td>\n<td class=\"et2\" style=\"width: 140.80pt;\" width=\"140\">ChiCasa<\/td>\n<\/tr>\n<tr style=\"height: 15.20pt;\">\n<td class=\"et2\" style=\"height: 15.20pt;\" height=\"15\">Cat\u00e9gorie<\/td>\n<td class=\"et2\">Canap\u00e9<\/td>\n<\/tr>\n<tr style=\"height: 15.20pt;\">\n<td class=\"et2\" style=\"height: 15.20pt;\" height=\"15\">Application<\/td>\n<td class=\"et2\">Salle de s\u00e9jour<\/td>\n<\/tr>\n<tr style=\"height: 15.20pt;\">\n<td class=\"et2\" style=\"height: 15.20pt;\" height=\"15\">Style<\/td>\n<td class=\"et2\">Minimaliste<\/td>\n<\/tr>\n<tr style=\"height: 15.20pt;\">\n<td class=\"et2\" style=\"height: 15.20pt;\" height=\"15\">Mod\u00e8le<\/td>\n<td class=\"et2\">QMY-SF004<\/td>\n<\/tr>\n<tr style=\"height: 15.20pt;\">\n<td class=\"et2\" style=\"height: 15.20pt;\" height=\"15\">Personnalisation<\/td>\n<td class=\"et2\">Couleur, taille, mat\u00e9riau<\/td>\n<\/tr>\n<tr style=\"height: 15.20pt;\">\n<td class=\"et2\" style=\"height: 15.20pt;\" height=\"15\">MOQ<\/td>\n<td class=\"et2\">1pcs<\/td>\n<\/tr>\n<\/tbody>\n<\/table>","protected":false},"featured_media":998,"comment_status":"closed","ping_status":"closed","template":"","meta":{"_acf_changed":false},"product_brand":[],"product_cat":[23,16],"product_tag":[],"class_list":{"0":"post-997","1":"product","2":"type-product","3":"status-publish","4":"has-post-thumbnail","6":"product_cat-bespoke-sofas-manufacturer","7":"product_cat-bespoke-living-room-furniture","9":"first","10":"instock","11":"shipping-taxable","12":"product-type-simple"},"acf":[],"_links":{"self":[{"href":"https:\/\/www.chicasafurniture.com\/fr\/wp-json\/wp\/v2\/product\/997","targetHints":{"allow":["GET"]}}],"collection":[{"href":"https:\/\/www.chicasafurniture.com\/fr\/wp-json\/wp\/v2\/product"}],"about":[{"href":"https:\/\/www.chicasafurniture.com\/fr\/wp-json\/wp\/v2\/types\/product"}],"replies":[{"embeddable":true,"href":"https:\/\/www.chicasafurniture.com\/fr\/wp-json\/wp\/v2\/comments?post=997"}],"wp:featuredmedia":[{"embeddable":true,"href":"https:\/\/www.chicasafurniture.com\/fr\/wp-json\/wp\/v2\/media\/998"}],"wp:attachment":[{"href":"https:\/\/www.chicasafurniture.com\/fr\/wp-json\/wp\/v2\/media?parent=997"}],"wp:term":[{"taxonomy":"product_brand","embeddable":true,"href":"https:\/\/www.chicasafurniture.com\/fr\/wp-json\/wp\/v2\/product_brand?post=997"},{"taxonomy":"product_cat","embeddable":true,"href":"https:\/\/www.chicasafurniture.com\/fr\/wp-json\/wp\/v2\/product_cat?post=997"},{"taxonomy":"product_tag","embeddable":true,"href":"https:\/\/www.chicasafurniture.com\/fr\/wp-json\/wp\/v2\/product_tag?post=997"}],"curies":[{"name":"wp","href":"https:\/\/api.w.org\/{rel}","templated":true}]}}